{"id":34398,"date":"2021-05-22T09:46:41","date_gmt":"2021-05-22T07:46:41","guid":{"rendered":"https:\/\/mbengineering.de\/cooperations\/"},"modified":"2025-09-24T08:19:54","modified_gmt":"2025-09-24T06:19:54","slug":"cooperations","status":"publish","type":"page","link":"https:\/\/mbengineering.de\/en\/cooperations\/","title":{"rendered":"Cooperations"},"content":{"rendered":"<div class=\"wpb-content-wrapper\">[vc_row css_animation=&#8221;none&#8221; full_width=&#8221;stretch_row&#8221; content_placement=&#8221;middle&#8221; equal_height=&#8221;yes&#8221; wpex_fixed_bg=&#8221;fixed-top&#8221; wpex_bg_position=&#8221;50% 0%&#8221; wpex_bg_size=&#8221;cover&#8221; min_height=&#8221;150px&#8221; visibility=&#8221;hidden-phone&#8221;][vc_column width=&#8221;5\/12&#8243; wpex_zindex=&#8221;999&#8243;]<style>.vcex-image.vcex_69efa3fb93eb1 .vcex-image-inner{max-width:300px;}<\/style><figure class=\"vcex-image vcex-module vcex_69efa3fb93eb1\"><div class=\"vcex-image-inner wpex-relative wpex-inline-block\"><a href=\"https:\/\/mbengineering.de\/en\/\"><img width=\"332\" height=\"71\" src=\"https:\/\/mbengineering.de\/wp-content\/uploads\/2025\/09\/MBE_Logo_Web_Dachmarke_blau.png\" class=\"vcex-image-img wpex-align-middle\" alt=\"MB-engineering Logo\" loading=\"lazy\" decoding=\"async\" srcset=\"https:\/\/mbengineering.de\/wp-content\/uploads\/2025\/09\/MBE_Logo_Web_Dachmarke_blau.png 332w, https:\/\/mbengineering.de\/wp-content\/uploads\/2025\/09\/MBE_Logo_Web_Dachmarke_blau-300x64.png 300w\" sizes=\"auto, (max-width: 332px) 100vw, 332px\" \/><\/a><\/div><\/figure>[\/vc_column][vc_column width=&#8221;7\/12&#8243; visibility=&#8221;hidden-phone&#8221;]<div class=\"wpex-template-shortcode\"><div class=\"vc_row wpb_row vc_row-fluid nopaddingmenu vc_row-o-equal-height vc_row-o-content-middle vc_row-flex wpex-vc-full-width-row wpex-vc-full-width-row--centered wpex-relative hide-at-mm-breakpoint bg-fixed-top wpex-vc-bg-fixed wpex-vc-bg-top\" style=\"min-height:150px;background-position:50% 0%!important;background-size:cover!important;\"><div class=\"wpb_column menutemp vc_column_container vc_col-sm-11\"><div class=\"vc_column-inner\"><div class=\"wpb_wrapper\"><style>.vcex_69efa3fb96e10{font-size:21px!important;}@media (max-width:1024px){.vcex_69efa3fb96e10{font-size:21px!important;}}@media (max-width:959px){.vcex_69efa3fb96e10{font-size:21px!important;}}@media (max-width:767px){.vcex_69efa3fb96e10{font-size:21px!important;}}@media (max-width:479px){.vcex_69efa3fb96e10{font-size:12px!important;}}<\/style>\n\t<div style=\"font-family:&#039;RotisSans_c75e&#039;;text-align:end;\" class=\"wpb_text_column vcex_69efa3fb96e10 wpb_content_element inline\" >\n\t\t<div class=\"wpb_wrapper\">\n\t\t\t<div class=\"ov_metall\">\n<p class=\"pm_metall\">\u2022<\/p>\n<p><a href=\"\/?page_id=34383\"><span style=\"color: #81bdb3\">metal processing<\/span><\/a><span style=\"color: #81bdb3\"><img loading=\"lazy\" decoding=\"async\" class=\"alignnone size-full wp-image-30899\" src=\"https:\/\/mbengineering.de\/wp-content\/uploads\/2021\/05\/space.png\" alt=\"\" width=\"49\" height=\"1\" \/><\/span><\/p>\n<\/div>\n<div class=\"ov_granulat\">\n<p class=\"pm_granulat\">\u2022<\/p>\n<p><a href=\"\/?page_id=34456\"><span style=\"color: #6dafdd\">pellet dedusting<\/span><\/a><span style=\"color: #6dafdd\"><img loading=\"lazy\" decoding=\"async\" class=\"alignnone size-full wp-image-30899\" src=\"https:\/\/mbengineering.de\/wp-content\/uploads\/2021\/05\/space.png\" alt=\"\" width=\"49\" height=\"1\" \/><\/span><\/p>\n<\/div>\n<div class=\"ov_daten\">\n<p class=\"pm_daten\">\u2022<\/p>\n<p><a href=\"\/?page_id=34438\"><span style=\"color: #508fa1\">3D reverse engineering<\/span><\/a><\/p>\n<\/div>\n<div class=\"ov_aktuelles\">\n<p class=\"pm_aktuelles\">\u2022<\/p>\n<p><span style=\"color: #9d9d9d\"><a style=\"color: #9d9d9d\" href=\"\/?page_id=34464\">current news<\/a><span style=\"color: #6dafdd\"><span style=\"color: #81bdb3\"><img loading=\"lazy\" decoding=\"async\" class=\"alignnone size-full wp-image-30899\" src=\"https:\/\/mbengineering.de\/wp-content\/uploads\/2022\/08\/space.png\" alt=\"\" width=\"35\" height=\"1\" \/><\/span><\/span><\/span><\/p>\n<\/div>\n<div class=\"ov_karriere\">\n<p class=\"pm_karriere\">\u2022<\/p>\n<p><span style=\"color: #9d9d9d\"><a style=\"color: #9d9d9d\" href=\"\/?page_id=34422\">career<\/a><span style=\"color: #6dafdd\"><span style=\"color: #81bdb3\"><img loading=\"lazy\" decoding=\"async\" class=\"alignnone size-full wp-image-30899\" src=\"https:\/\/mbengineering.de\/wp-content\/uploads\/2022\/08\/space.png\" alt=\"\" width=\"35\" height=\"1\" \/><\/span><\/span><\/span><\/p>\n<\/div>\n<div class=\"ov_zertifikate\">\n<p class=\"pm_zertifikate\">\u2022<\/p>\n<p><span style=\"color: #9d9d9d\"><a style=\"color: #9d9d9d\" href=\"\/?page_id=34392\">quality<\/a><img loading=\"lazy\" decoding=\"async\" class=\"alignnone size-full wp-image-30899\" src=\"https:\/\/mbengineering.de\/wp-content\/uploads\/2022\/08\/space.png\" alt=\"\" width=\"35\" height=\"1\" \/><\/span><\/p>\n<\/div>\n<div class=\"ov_kontakt\">\n<p class=\"pm_kontakt\">\u2022<\/p>\n<p><a href=\"\/?page_id=34386\"><span style=\"color: #9d9d9d\">contact<\/span><\/a><\/p>\n<\/div>\n\n\t\t<\/div>\n\t<\/div>\n<\/div><\/div><\/div><div class=\"wpb_column lswitch vc_column_container vc_col-sm-1\"><div class=\"vc_column-inner\"><div class=\"wpb_wrapper\">\n\t<div style=\"text-align:end;\" class=\"wpb_text_column wpb_content_element\" >\n\t\t<div class=\"wpb_wrapper\">\n\t\t\t\n<div role=\"navigation\" aria-label=\"Language Switcher\" class=\"wpml-ls-statics-shortcode_actions wpml-ls wpml-ls-legacy-list-horizontal\">\n\t<ul><li class=\"wpml-ls-slot-shortcode_actions wpml-ls-item wpml-ls-item-de wpml-ls-first-item wpml-ls-last-item wpml-ls-item-legacy-list-horizontal\">\n\t\t\t\t<a href=\"https:\/\/mbengineering.de\/\" hreflang=\"de\" lang=\"de\" class=\"wpml-ls-link\" aria-label=\"Switch to Deutsch\" title=\"Switch to Deutsch\">\n\t\t\t\t\t                                    <img\n            class=\"wpml-ls-flag\"\n            src=\"https:\/\/mbengineering.de\/wp-content\/plugins\/sitepress-multilingual-cms\/res\/flags\/de.svg\"\n            alt=\"\"\n            loading=\"lazy\"\n            width=18\n            height=12\n    \/><span class=\"wpml-ls-native\">Deutsch<\/span><\/a>\n\t\t\t<\/li><\/ul>\n<\/div>\n\n\n\t\t<\/div>\n\t<\/div>\n<\/div><\/div><\/div><\/div>\n<\/div>[\/vc_column][\/vc_row][vc_row full_width=&#8221;stretch_row&#8221;][vc_column]<style>.vcex-image.vcex_69efa3fb992f1 .vcex-image-inner{max-width:300px;}<\/style><figure class=\"vcex-image vcex-module visible-phone vcex_69efa3fb992f1\"><div class=\"vcex-image-inner wpex-relative wpex-inline-block\"><a href=\"https:\/\/mbengineering.de\/\"><img width=\"332\" height=\"71\" src=\"https:\/\/mbengineering.de\/wp-content\/uploads\/2025\/09\/MBE_Logo_Web_Dachmarke_blau.png\" class=\"vcex-image-img wpex-align-middle\" alt=\"MB-engineering Logo\" loading=\"lazy\" decoding=\"async\" srcset=\"https:\/\/mbengineering.de\/wp-content\/uploads\/2025\/09\/MBE_Logo_Web_Dachmarke_blau.png 332w, https:\/\/mbengineering.de\/wp-content\/uploads\/2025\/09\/MBE_Logo_Web_Dachmarke_blau-300x64.png 300w\" sizes=\"auto, (max-width: 332px) 100vw, 332px\" \/><\/a><\/div><\/figure><div class=\"vcex-spacing wpex-w-100 wpex-clear visible-phone\" style=\"height:20px;\"><\/div>\n\t\t\t<!-- START Rechtliches REVOLUTION SLIDER 6.7.38 --><p class=\"rs-p-wp-fix\"><\/p>\n\t\t\t<rs-module-wrap id=\"rev_slider_5_1_wrapper\" data-source=\"gallery\" style=\"visibility:hidden;background:transparent;padding:0;margin:0px auto;margin-top:0;margin-bottom:0;\">\n\t\t\t\t<rs-module id=\"rev_slider_5_1\" style=\"\" data-version=\"6.7.38\">\n\t\t\t\t\t<rs-slides style=\"overflow: hidden; position: absolute;\">\n\t\t\t\t\t\t<rs-slide style=\"position: absolute;\" data-key=\"rs-26\" data-title=\"Slide\" data-anim=\"adpr:false;\" data-in=\"o:0;\" data-out=\"a:false;\">\n\t\t\t\t\t\t\t<img src=\"\/\/mbengineering.de\/wp-content\/plugins\/revslider\/sr6\/assets\/assets\/dummy.png\" alt=\"\" class=\"rev-slidebg tp-rs-img rs-lazyload\" data-lazyload=\"\/\/mbengineering.de\/wp-content\/uploads\/2021\/10\/MBE_Halle-scaled.jpg\" data-no-retina>\n<!---->\t\t\t\t\t<\/rs-slide>\n\t\t\t\t\t<\/rs-slides>\n\t\t\t\t<\/rs-module>\n\t\t\t\t<script>\n\t\t\t\t\tsetREVStartSize({c: 'rev_slider_5_1',rl:[1240,1240,1240,480],el:[540,540,540,720],gw:[1940,1940,1940,480],gh:[540,540,540,300],type:'standard',justify:'',layout:'fullwidth',mh:\"0\"});if (window.RS_MODULES!==undefined && window.RS_MODULES.modules!==undefined && window.RS_MODULES.modules[\"revslider51\"]!==undefined) {window.RS_MODULES.modules[\"revslider51\"].once = false;window.revapi5 = undefined;if (window.RS_MODULES.checkMinimal!==undefined) window.RS_MODULES.checkMinimal()}\n\t\t\t\t<\/script>\n\t\t\t<\/rs-module-wrap>\n\t\t\t<!-- END REVOLUTION SLIDER -->\n[\/vc_column][\/vc_row][vc_row css_animation=&#8221;none&#8221; full_width=&#8221;stretch_row&#8221; equal_height=&#8221;yes&#8221; wpex_fixed_bg=&#8221;fixed-top&#8221; wpex_bg_position=&#8221;50% 0%&#8221; wpex_bg_size=&#8221;cover&#8221; min_height=&#8221;150px&#8221;][vc_column]<div class=\"vcex-spacing wpex-w-100 wpex-clear visible-phone\" style=\"height:20px;\"><\/div><div class=\"vcex-spacing wpex-w-100 wpex-clear hidden-phone\" style=\"height:40px;\"><\/div>[\/vc_column][vc_column width=&#8221;1\/3&#8243;][\/vc_column][vc_column width=&#8221;2\/3&#8243;]<style>.vcex-heading.vcex_69efa3fba4930{color:#005ca9;font-weight:400;}<\/style><h1 class=\"vcex-heading vcex-heading-plain vcex-module wpex-heading wpex-text-2xl hidden vcex_69efa3fba4930\"><span class=\"vcex-heading-inner wpex-inline-block\">Funding programme \u201cPeak performance in the countryside\u201d<\/span><\/h1>[vc_column_text css=&#8221;&#8221; el_class=&#8221;bluelink&#8221; visibility=&#8221;hidden&#8221;]In 2017, the innovation activity of Mbengineering that is geared towards leadership in technology was recognised by the Land of Baden-W\u00fcrttemberg by our inclusion in the funding programme \u00bbSpitze auf dem Land! Technologief\u00fchrer f\u00fcr Baden-W\u00fcrttemberg\u00ab (Peak performance in the countryside! Leaders in technology for Baden-W\u00fcrttemberg). The business expansion at our D\u00fcrbheim site was supported with development funds from the Development Program Rural Area (ELR) and the European Fund for Regional Development (EFRE). This allowed us to increase our development, production and assembly capacities and thus to upgrade our site to a competence centre for plastics granulate dedusting technology.<\/p>\n<p>Further information regarding this funding can be found at <span style=\"font-family: 'RotisSans_c66';\"><a href=\"https:\/\/efre-bw.de\/\" target=\"_blank\" rel=\"noopener\">www.efre-bw.de. <\/a><\/span>[\/vc_column_text]<div class=\"vcex-spacing wpex-w-100 wpex-clear\"><\/div>[vc_row_inner visibility=&#8221;hidden&#8221;][vc_column_inner width=&#8221;3\/4&#8243;]<figure class=\"vcex-image vcex-module wpex-text-center hidden\"><div class=\"vcex-image-inner wpex-relative wpex-inline-block\"><img width=\"1280\" height=\"200\" src=\"https:\/\/mbengineering.de\/wp-content\/uploads\/2021\/05\/MBE_Foerderung-1.png\" class=\"vcex-image-img wpex-align-middle\" alt=\"Funding\" loading=\"lazy\" decoding=\"async\" srcset=\"https:\/\/mbengineering.de\/wp-content\/uploads\/2021\/05\/MBE_Foerderung-1.png 1280w, https:\/\/mbengineering.de\/wp-content\/uploads\/2021\/05\/MBE_Foerderung-1-300x47.png 300w, https:\/\/mbengineering.de\/wp-content\/uploads\/2021\/05\/MBE_Foerderung-1-1024x160.png 1024w, https:\/\/mbengineering.de\/wp-content\/uploads\/2021\/05\/MBE_Foerderung-1-768x120.png 768w, https:\/\/mbengineering.de\/wp-content\/uploads\/2021\/05\/MBE_Foerderung-1-1536x240.png 1536w\" sizes=\"auto, (max-width: 1280px) 100vw, 1280px\" \/><\/div><\/figure>[\/vc_column_inner][\/vc_row_inner]<div class=\"vcex-spacing wpex-w-100 wpex-clear hidden\" style=\"height:60px;\"><\/div><style>.vcex-heading.vcex_69efa3fba6b10{color:#005ca9;font-weight:400;}<\/style><h1 class=\"vcex-heading vcex-heading-plain vcex-module wpex-heading wpex-text-2xl vcex_69efa3fba6b10\"><span class=\"vcex-heading-inner wpex-inline-block\">Cooperations<\/span><\/h1>[vc_column_text css=&#8221;&#8221; font_family=&#8221;RotisSans_c66&#8243; font_weight=&#8221;normal&#8221;]Discover our cooperations for innovative solutions and successful projects.[\/vc_column_text]<div class=\"vcex-spacing wpex-w-100 wpex-clear\"><\/div>[vc_separator color=&#8221;custom&#8221; css=&#8221;&#8221; accent_color=&#8221;#cecece&#8221;]<div class=\"vcex-spacing wpex-w-100 wpex-clear\" style=\"height:20px;\"><\/div>[vc_row_inner content_placement=&#8221;middle&#8221;][vc_column_inner width=&#8221;1\/2&#8243;]<style>.vcex-heading.vcex_69efa3fba72f1{color:#000000;font-weight:400;}<\/style><h2 class=\"vcex-heading vcex-heading-plain vcex-module wpex-heading wpex-text-2xl vcex_69efa3fba72f1\"><span class=\"vcex-heading-inner wpex-inline-block\">Kunststoffinstitut L\u00fcdenscheid<\/span><\/h2><div class=\"vcex-spacing wpex-w-100 wpex-clear\" style=\"height:20px;\"><\/div>[vc_column_text css=&#8221;&#8221;]The KIT links the scientific know-how of tomorrow with the manufacture of today. In doing so, the focus is on the quality and economic viability of the companies in the plastics industry \u2013 especially when it comes to injection moulded parts made of thermoplastics and thermosets.[\/vc_column_text]<div class=\"vcex-spacing wpex-w-100 wpex-clear\" style=\"height:20px;\"><\/div><style>.vcex-heading.vcex_69efa3fba7a2c{font-size:18px;font-family:'RotisSans_c66';font-weight:400;}<\/style><span class=\"vcex-heading vcex-heading-plain vcex-module wpex-heading wpex-text-2xl vcex_69efa3fba7a2c\"><a href=\"https:\/\/kunststoff-institut.de\/\" class=\"wpex-no-underline\" target=\"_blank\" rel=\"noopener noreferrer\"><span class=\"vcex-heading-inner wpex-inline-block\">Plastics Institute<\/span><\/a><\/span>[\/vc_column_inner][vc_column_inner width=&#8221;1\/2&#8243;]<div class=\"vcex-spacing wpex-w-100 wpex-clear visible-phone\" style=\"height:20px;\"><\/div><figure class=\"vcex-image vcex-module\"><div class=\"vcex-image-inner wpex-relative wpex-inline-block\"><img width=\"1181\" height=\"591\" src=\"https:\/\/mbengineering.de\/wp-content\/uploads\/2025\/09\/211129_LOGO_KIMW-F_Standard.png\" class=\"vcex-image-img wpex-align-middle\" alt=\"Funding\" loading=\"lazy\" decoding=\"async\" srcset=\"https:\/\/mbengineering.de\/wp-content\/uploads\/2025\/09\/211129_LOGO_KIMW-F_Standard.png 1181w, https:\/\/mbengineering.de\/wp-content\/uploads\/2025\/09\/211129_LOGO_KIMW-F_Standard-300x150.png 300w, https:\/\/mbengineering.de\/wp-content\/uploads\/2025\/09\/211129_LOGO_KIMW-F_Standard-1024x512.png 1024w, https:\/\/mbengineering.de\/wp-content\/uploads\/2025\/09\/211129_LOGO_KIMW-F_Standard-768x384.png 768w\" sizes=\"auto, (max-width: 1181px) 100vw, 1181px\" \/><\/div><\/figure>[\/vc_column_inner][\/vc_row_inner]<div class=\"vcex-spacing wpex-w-100 wpex-clear\" style=\"height:20px;\"><\/div>[vc_separator color=&#8221;custom&#8221; css=&#8221;&#8221; accent_color=&#8221;#cecece&#8221;]<div class=\"vcex-spacing wpex-w-100 wpex-clear\" style=\"height:20px;\"><\/div>[vc_row_inner content_placement=&#8221;middle&#8221;][vc_column_inner width=&#8221;1\/2&#8243;]<style>.vcex-heading.vcex_69efa3fba933c{color:#000000;font-weight:400;}<\/style><h2 class=\"vcex-heading vcex-heading-plain vcex-module wpex-heading wpex-text-2xl vcex_69efa3fba933c\"><span class=\"vcex-heading-inner wpex-inline-block\">Hochschulcampus Tuttlingen F\u00f6rderverein e.V.<\/span><\/h2><div class=\"vcex-spacing wpex-w-100 wpex-clear\" style=\"height:20px;\"><\/div>[vc_column_text css=&#8221;&#8221;]Roughly 40 companies, the city and the administrative district of Tuttlingen are members of the Hochschulcampus Tuttlingen F\u00f6rderverein e.V. With the support of public and private investors, a modern, highly productive university campus has been created. The development association holds the power of co-decision and rights of organisation in administrating the apprenticeship. With this, the university implements a particularly practical training with best future opportunities.[\/vc_column_text]<div class=\"vcex-spacing wpex-w-100 wpex-clear\" style=\"height:20px;\"><\/div><style>.vcex-heading.vcex_69efa3fba9a42{color:#000000;font-size:18px;font-family:'RotisSans_c66';font-weight:400;}<\/style><span class=\"vcex-heading vcex-heading-plain vcex-module wpex-heading wpex-text-2xl vcex_69efa3fba9a42\"><a href=\"https:\/\/www.hctf.de\/cms\/de\/mitglieder\/\" class=\"wpex-no-underline wpex-inherit-color-important\" target=\"_blank\" rel=\"noopener noreferrer\"><span class=\"vcex-heading-inner wpex-inline-block\">Hochschulcampus Tuttlingen<\/span><\/a><\/span>[\/vc_column_inner][vc_column_inner width=&#8221;1\/2&#8243;]<div class=\"vcex-spacing wpex-w-100 wpex-clear visible-phone\" style=\"height:20px;\"><\/div><figure class=\"vcex-image vcex-module\"><div class=\"vcex-image-inner wpex-relative wpex-inline-block\"><img width=\"501\" height=\"469\" src=\"https:\/\/mbengineering.de\/wp-content\/uploads\/2025\/09\/Foerder-siegel-L-500px.png\" class=\"vcex-image-img wpex-align-middle\" alt=\"Funding\" loading=\"lazy\" decoding=\"async\" srcset=\"https:\/\/mbengineering.de\/wp-content\/uploads\/2025\/09\/Foerder-siegel-L-500px.png 501w, https:\/\/mbengineering.de\/wp-content\/uploads\/2025\/09\/Foerder-siegel-L-500px-300x281.png 300w\" sizes=\"auto, (max-width: 501px) 100vw, 501px\" \/><\/div><\/figure>[\/vc_column_inner][\/vc_row_inner]<div class=\"vcex-spacing wpex-w-100 wpex-clear\" style=\"height:20px;\"><\/div>[vc_separator color=&#8221;custom&#8221; css=&#8221;&#8221; accent_color=&#8221;#cecece&#8221;]<div class=\"vcex-spacing wpex-w-100 wpex-clear\" style=\"height:20px;\"><\/div>[vc_row_inner content_placement=&#8221;middle&#8221;][vc_column_inner width=&#8221;1\/2&#8243;]<style>.vcex-heading.vcex_69efa3fbb9bc9{color:#000000;font-weight:400;}<\/style><h2 class=\"vcex-heading vcex-heading-plain vcex-module wpex-heading wpex-text-2xl vcex_69efa3fbb9bc9\"><span class=\"vcex-heading-inner wpex-inline-block\">Forum Werkstoffe e.V.<\/span><\/h2><div class=\"vcex-spacing wpex-w-100 wpex-clear\" style=\"height:20px;\"><\/div>[vc_column_text css=&#8221;&#8221;]The \u201cForum Werkstoffe\u201d association serves the transfer of knowledge and the maintenance of networks and contacts in the field of the plastics processing industry. The association\u2019s activities aim at offering interested parties and members the best possible benefit. This benefit is based on usability and concrete help, be it material or non-material.[\/vc_column_text]<div class=\"vcex-spacing wpex-w-100 wpex-clear\" style=\"height:20px;\"><\/div><style>.vcex-heading.vcex_69efa3fbba697{color:#000000;font-size:18px;font-family:'RotisSans_c66';font-weight:400;}<\/style><span class=\"vcex-heading vcex-heading-plain vcex-module wpex-heading wpex-text-2xl vcex_69efa3fbba697\"><a href=\"https:\/\/forum-werkstoffe.com\/\" class=\"wpex-no-underline wpex-inherit-color-important\" target=\"_blank\" rel=\"noopener noreferrer\"><span class=\"vcex-heading-inner wpex-inline-block\">Forum Werkstoffe e.V.<\/span><\/a><\/span>[\/vc_column_inner][vc_column_inner width=&#8221;1\/2&#8243;]<div class=\"vcex-spacing wpex-w-100 wpex-clear visible-phone\" style=\"height:20px;\"><\/div><figure class=\"vcex-image vcex-module\"><div class=\"vcex-image-inner wpex-relative wpex-inline-block\"><img width=\"813\" height=\"384\" src=\"https:\/\/mbengineering.de\/wp-content\/uploads\/2025\/09\/cropped-Forum-Werkstoffe-Logo-2022.png\" class=\"vcex-image-img wpex-align-middle\" alt=\"Funding\" loading=\"lazy\" decoding=\"async\" srcset=\"https:\/\/mbengineering.de\/wp-content\/uploads\/2025\/09\/cropped-Forum-Werkstoffe-Logo-2022.png 813w, https:\/\/mbengineering.de\/wp-content\/uploads\/2025\/09\/cropped-Forum-Werkstoffe-Logo-2022-300x142.png 300w, https:\/\/mbengineering.de\/wp-content\/uploads\/2025\/09\/cropped-Forum-Werkstoffe-Logo-2022-768x363.png 768w\" sizes=\"auto, (max-width: 813px) 100vw, 813px\" \/><\/div><\/figure>[\/vc_column_inner][\/vc_row_inner]<div class=\"vcex-spacing wpex-w-100 wpex-clear\" style=\"height:20px;\"><\/div>[vc_separator color=&#8221;custom&#8221; css=&#8221;&#8221; accent_color=&#8221;#cecece&#8221;]<div class=\"vcex-spacing wpex-w-100 wpex-clear\" style=\"height:20px;\"><\/div>[vc_row_inner content_placement=&#8221;middle&#8221;][vc_column_inner width=&#8221;1\/2&#8243;]<style>.vcex-heading.vcex_69efa3fbbd65d{color:#000000;font-weight:400;}<\/style><h2 class=\"vcex-heading vcex-heading-plain vcex-module wpex-heading wpex-text-2xl vcex_69efa3fbbd65d\"><span class=\"vcex-heading-inner wpex-inline-block\">Technology Mountains e.V.<\/span><\/h2><div class=\"vcex-spacing wpex-w-100 wpex-clear\" style=\"height:20px;\"><\/div>[vc_column_text css=&#8221;&#8221;]\n<div>Across classical industry boundaries,<\/div>\n<div>Technology Mountains e.V. provides access to technical<\/div>\n<div>know-how and acts as a link between economy and<\/div>\n<p>science.[\/vc_column_text]<div class=\"vcex-spacing wpex-w-100 wpex-clear\" style=\"height:20px;\"><\/div><style>.vcex-heading.vcex_69efa3fbbe0df{color:#000000;font-size:18px;font-family:'RotisSans_c66';font-weight:400;}<\/style><span class=\"vcex-heading vcex-heading-plain vcex-module wpex-heading wpex-text-2xl vcex_69efa3fbbe0df\"><a href=\"https:\/\/technologymountains.de\/\" class=\"wpex-no-underline wpex-inherit-color-important\" target=\"_blank\" rel=\"noopener noreferrer\"><span class=\"vcex-heading-inner wpex-inline-block\">Technology Mountains e.V.<\/span><\/a><\/span>[\/vc_column_inner][vc_column_inner width=&#8221;1\/2&#8243;]<div class=\"vcex-spacing wpex-w-100 wpex-clear visible-phone\" style=\"height:20px;\"><\/div><figure class=\"vcex-image vcex-module wpex-text-center\"><div class=\"vcex-image-inner wpex-relative wpex-inline-block\"><img width=\"1299\" height=\"354\" src=\"https:\/\/mbengineering.de\/wp-content\/uploads\/2025\/09\/Logo-TechnologyMountains.jpg\" class=\"vcex-image-img wpex-align-middle\" alt=\"Funding\" loading=\"lazy\" decoding=\"async\" srcset=\"https:\/\/mbengineering.de\/wp-content\/uploads\/2025\/09\/Logo-TechnologyMountains.jpg 1299w, https:\/\/mbengineering.de\/wp-content\/uploads\/2025\/09\/Logo-TechnologyMountains-300x82.jpg 300w, https:\/\/mbengineering.de\/wp-content\/uploads\/2025\/09\/Logo-TechnologyMountains-1024x279.jpg 1024w, https:\/\/mbengineering.de\/wp-content\/uploads\/2025\/09\/Logo-TechnologyMountains-768x209.jpg 768w\" sizes=\"auto, (max-width: 1299px) 100vw, 1299px\" \/><\/div><\/figure>[\/vc_column_inner][\/vc_row_inner]<div class=\"vcex-spacing wpex-w-100 wpex-clear\" style=\"height:20px;\"><\/div>[\/vc_column][\/vc_row]\n<\/div>","protected":false},"excerpt":{"rendered":"\u2022 metal processing \u2022 pellet dedusting \u2022 3D reverse engineering \u2022 current news \u2022 career \u2022 quality \u2022 contact Deutsch Funding programme \u201cPeak performance in the countryside\u201d In 2017, the innovation activity of Mbengineering that is geared towards leadership in technology was recognised by the Land of Baden-W\u00fcrttemberg by our inclusion in the funding programme&hellip;","protected":false},"author":5,"featured_media":0,"parent":0,"menu_order":0,"comment_status":"closed","ping_status":"closed","template":"","meta":{"footnotes":""},"class_list":["post-34398","page","type-page","status-publish","hentry","entry","no-media"],"_links":{"self":[{"href":"https:\/\/mbengineering.de\/en\/wp-json\/wp\/v2\/pages\/34398","targetHints":{"allow":["GET"]}}],"collection":[{"href":"https:\/\/mbengineering.de\/en\/wp-json\/wp\/v2\/pages"}],"about":[{"href":"https:\/\/mbengineering.de\/en\/wp-json\/wp\/v2\/types\/page"}],"author":[{"embeddable":true,"href":"https:\/\/mbengineering.de\/en\/wp-json\/wp\/v2\/users\/5"}],"replies":[{"embeddable":true,"href":"https:\/\/mbengineering.de\/en\/wp-json\/wp\/v2\/comments?post=34398"}],"version-history":[{"count":4,"href":"https:\/\/mbengineering.de\/en\/wp-json\/wp\/v2\/pages\/34398\/revisions"}],"predecessor-version":[{"id":35131,"href":"https:\/\/mbengineering.de\/en\/wp-json\/wp\/v2\/pages\/34398\/revisions\/35131"}],"wp:attachment":[{"href":"https:\/\/mbengineering.de\/en\/wp-json\/wp\/v2\/media?parent=34398"}],"curies":[{"name":"wp","href":"https:\/\/api.w.org\/{rel}","templated":true}]}}