{"id":34402,"date":"2021-05-22T09:57:47","date_gmt":"2021-05-22T07:57:47","guid":{"rendered":"https:\/\/mbengineering.de\/company-details\/"},"modified":"2025-09-24T08:18:51","modified_gmt":"2025-09-24T06:18:51","slug":"company-details","status":"publish","type":"page","link":"https:\/\/mbengineering.de\/en\/company-details\/","title":{"rendered":"Company details"},"content":{"rendered":"<div class=\"wpb-content-wrapper\">[vc_row css_animation=&#8221;none&#8221; full_width=&#8221;stretch_row&#8221; content_placement=&#8221;middle&#8221; equal_height=&#8221;yes&#8221; wpex_fixed_bg=&#8221;fixed-top&#8221; wpex_bg_position=&#8221;50% 0%&#8221; wpex_bg_size=&#8221;cover&#8221; min_height=&#8221;150px&#8221; visibility=&#8221;hidden-phone&#8221;][vc_column width=&#8221;5\/12&#8243; wpex_zindex=&#8221;999&#8243;]<style>.vcex-image.vcex_69efa9bd42ab1 .vcex-image-inner{max-width:300px;}<\/style><figure class=\"vcex-image vcex-module vcex_69efa9bd42ab1\"><div class=\"vcex-image-inner wpex-relative wpex-inline-block\"><a href=\"https:\/\/mbengineering.de\/en\/\"><img width=\"332\" height=\"71\" src=\"https:\/\/mbengineering.de\/wp-content\/uploads\/2025\/09\/MBE_Logo_Web_Dachmarke_blau.png\" class=\"vcex-image-img wpex-align-middle\" alt=\"MB-engineering Logo\" loading=\"lazy\" decoding=\"async\" srcset=\"https:\/\/mbengineering.de\/wp-content\/uploads\/2025\/09\/MBE_Logo_Web_Dachmarke_blau.png 332w, https:\/\/mbengineering.de\/wp-content\/uploads\/2025\/09\/MBE_Logo_Web_Dachmarke_blau-300x64.png 300w\" sizes=\"auto, (max-width: 332px) 100vw, 332px\" \/><\/a><\/div><\/figure>[\/vc_column][vc_column width=&#8221;7\/12&#8243; visibility=&#8221;hidden-phone&#8221;]<div class=\"wpex-template-shortcode\"><div class=\"vc_row wpb_row vc_row-fluid nopaddingmenu vc_row-o-equal-height vc_row-o-content-middle vc_row-flex wpex-vc-full-width-row wpex-vc-full-width-row--centered wpex-relative hide-at-mm-breakpoint bg-fixed-top wpex-vc-bg-fixed wpex-vc-bg-top\" style=\"min-height:150px;background-position:50% 0%!important;background-size:cover!important;\"><div class=\"wpb_column menutemp vc_column_container vc_col-sm-11\"><div class=\"vc_column-inner\"><div class=\"wpb_wrapper\"><style>.vcex_69efa9bd47503{font-size:21px!important;}@media (max-width:1024px){.vcex_69efa9bd47503{font-size:21px!important;}}@media (max-width:959px){.vcex_69efa9bd47503{font-size:21px!important;}}@media (max-width:767px){.vcex_69efa9bd47503{font-size:21px!important;}}@media (max-width:479px){.vcex_69efa9bd47503{font-size:12px!important;}}<\/style>\n\t<div style=\"font-family:&#039;RotisSans_c75e&#039;;text-align:end;\" class=\"wpb_text_column vcex_69efa9bd47503 wpb_content_element inline\" >\n\t\t<div class=\"wpb_wrapper\">\n\t\t\t<div class=\"ov_metall\">\n<p class=\"pm_metall\">\u2022<\/p>\n<p><a href=\"\/?page_id=34383\"><span style=\"color: #81bdb3\">metal processing<\/span><\/a><span style=\"color: #81bdb3\"><img loading=\"lazy\" decoding=\"async\" class=\"alignnone size-full wp-image-30899\" src=\"https:\/\/mbengineering.de\/wp-content\/uploads\/2021\/05\/space.png\" alt=\"\" width=\"49\" height=\"1\" \/><\/span><\/p>\n<\/div>\n<div class=\"ov_granulat\">\n<p class=\"pm_granulat\">\u2022<\/p>\n<p><a href=\"\/?page_id=34456\"><span style=\"color: #6dafdd\">pellet dedusting<\/span><\/a><span style=\"color: #6dafdd\"><img loading=\"lazy\" decoding=\"async\" class=\"alignnone size-full wp-image-30899\" src=\"https:\/\/mbengineering.de\/wp-content\/uploads\/2021\/05\/space.png\" alt=\"\" width=\"49\" height=\"1\" \/><\/span><\/p>\n<\/div>\n<div class=\"ov_daten\">\n<p class=\"pm_daten\">\u2022<\/p>\n<p><a href=\"\/?page_id=34438\"><span style=\"color: #508fa1\">3D reverse engineering<\/span><\/a><\/p>\n<\/div>\n<div class=\"ov_aktuelles\">\n<p class=\"pm_aktuelles\">\u2022<\/p>\n<p><span style=\"color: #9d9d9d\"><a style=\"color: #9d9d9d\" href=\"\/?page_id=34464\">current news<\/a><span style=\"color: #6dafdd\"><span style=\"color: #81bdb3\"><img loading=\"lazy\" decoding=\"async\" class=\"alignnone size-full wp-image-30899\" src=\"https:\/\/mbengineering.de\/wp-content\/uploads\/2022\/08\/space.png\" alt=\"\" width=\"35\" height=\"1\" \/><\/span><\/span><\/span><\/p>\n<\/div>\n<div class=\"ov_karriere\">\n<p class=\"pm_karriere\">\u2022<\/p>\n<p><span style=\"color: #9d9d9d\"><a style=\"color: #9d9d9d\" href=\"\/?page_id=34422\">career<\/a><span style=\"color: #6dafdd\"><span style=\"color: #81bdb3\"><img loading=\"lazy\" decoding=\"async\" class=\"alignnone size-full wp-image-30899\" src=\"https:\/\/mbengineering.de\/wp-content\/uploads\/2022\/08\/space.png\" alt=\"\" width=\"35\" height=\"1\" \/><\/span><\/span><\/span><\/p>\n<\/div>\n<div class=\"ov_zertifikate\">\n<p class=\"pm_zertifikate\">\u2022<\/p>\n<p><span style=\"color: #9d9d9d\"><a style=\"color: #9d9d9d\" href=\"\/?page_id=34392\">quality<\/a><img loading=\"lazy\" decoding=\"async\" class=\"alignnone size-full wp-image-30899\" src=\"https:\/\/mbengineering.de\/wp-content\/uploads\/2022\/08\/space.png\" alt=\"\" width=\"35\" height=\"1\" \/><\/span><\/p>\n<\/div>\n<div class=\"ov_kontakt\">\n<p class=\"pm_kontakt\">\u2022<\/p>\n<p><a href=\"\/?page_id=34386\"><span style=\"color: #9d9d9d\">contact<\/span><\/a><\/p>\n<\/div>\n\n\t\t<\/div>\n\t<\/div>\n<\/div><\/div><\/div><div class=\"wpb_column lswitch vc_column_container vc_col-sm-1\"><div class=\"vc_column-inner\"><div class=\"wpb_wrapper\">\n\t<div style=\"text-align:end;\" class=\"wpb_text_column wpb_content_element\" >\n\t\t<div class=\"wpb_wrapper\">\n\t\t\t\n<div role=\"navigation\" aria-label=\"Language Switcher\" class=\"wpml-ls-statics-shortcode_actions wpml-ls wpml-ls-legacy-list-horizontal\">\n\t<ul><li class=\"wpml-ls-slot-shortcode_actions wpml-ls-item wpml-ls-item-de wpml-ls-first-item wpml-ls-last-item wpml-ls-item-legacy-list-horizontal\">\n\t\t\t\t<a href=\"https:\/\/mbengineering.de\/\" hreflang=\"de\" lang=\"de\" class=\"wpml-ls-link\" aria-label=\"Switch to Deutsch\" title=\"Switch to Deutsch\">\n\t\t\t\t\t                                    <img\n            class=\"wpml-ls-flag\"\n            src=\"https:\/\/mbengineering.de\/wp-content\/plugins\/sitepress-multilingual-cms\/res\/flags\/de.svg\"\n            alt=\"\"\n            loading=\"lazy\"\n            width=18\n            height=12\n    \/><span class=\"wpml-ls-native\">Deutsch<\/span><\/a>\n\t\t\t<\/li><\/ul>\n<\/div>\n\n\n\t\t<\/div>\n\t<\/div>\n<\/div><\/div><\/div><\/div>\n<\/div>[\/vc_column][\/vc_row][vc_row full_width=&#8221;stretch_row&#8221;][vc_column]<style>.vcex-image.vcex_69efa9bd4a110 .vcex-image-inner{max-width:300px;}<\/style><figure class=\"vcex-image vcex-module visible-phone vcex_69efa9bd4a110\"><div class=\"vcex-image-inner wpex-relative wpex-inline-block\"><a href=\"https:\/\/mbengineering.de\/\"><img width=\"332\" height=\"71\" src=\"https:\/\/mbengineering.de\/wp-content\/uploads\/2025\/09\/MBE_Logo_Web_Dachmarke_blau.png\" class=\"vcex-image-img wpex-align-middle\" alt=\"Company details\" loading=\"lazy\" decoding=\"async\" srcset=\"https:\/\/mbengineering.de\/wp-content\/uploads\/2025\/09\/MBE_Logo_Web_Dachmarke_blau.png 332w, https:\/\/mbengineering.de\/wp-content\/uploads\/2025\/09\/MBE_Logo_Web_Dachmarke_blau-300x64.png 300w\" sizes=\"auto, (max-width: 332px) 100vw, 332px\" \/><\/a><\/div><\/figure><div class=\"vcex-spacing wpex-w-100 wpex-clear visible-phone\" style=\"height:20px;\"><\/div>\n\t\t\t<!-- START Rechtliches REVOLUTION SLIDER 6.7.38 --><p class=\"rs-p-wp-fix\"><\/p>\n\t\t\t<rs-module-wrap id=\"rev_slider_5_1_wrapper\" data-source=\"gallery\" style=\"visibility:hidden;background:transparent;padding:0;margin:0px auto;margin-top:0;margin-bottom:0;\">\n\t\t\t\t<rs-module id=\"rev_slider_5_1\" style=\"\" data-version=\"6.7.38\">\n\t\t\t\t\t<rs-slides style=\"overflow: hidden; position: absolute;\">\n\t\t\t\t\t\t<rs-slide style=\"position: absolute;\" data-key=\"rs-26\" data-title=\"Slide\" data-anim=\"adpr:false;\" data-in=\"o:0;\" data-out=\"a:false;\">\n\t\t\t\t\t\t\t<img src=\"\/\/mbengineering.de\/wp-content\/plugins\/revslider\/sr6\/assets\/assets\/dummy.png\" alt=\"\" class=\"rev-slidebg tp-rs-img rs-lazyload\" data-lazyload=\"\/\/mbengineering.de\/wp-content\/uploads\/2021\/10\/MBE_Halle-scaled.jpg\" data-no-retina>\n<!---->\t\t\t\t\t<\/rs-slide>\n\t\t\t\t\t<\/rs-slides>\n\t\t\t\t<\/rs-module>\n\t\t\t\t<script>\n\t\t\t\t\tsetREVStartSize({c: 'rev_slider_5_1',rl:[1240,1240,1240,480],el:[540,540,540,720],gw:[1940,1940,1940,480],gh:[540,540,540,300],type:'standard',justify:'',layout:'fullwidth',mh:\"0\"});if (window.RS_MODULES!==undefined && window.RS_MODULES.modules!==undefined && window.RS_MODULES.modules[\"revslider51\"]!==undefined) {window.RS_MODULES.modules[\"revslider51\"].once = false;window.revapi5 = undefined;if (window.RS_MODULES.checkMinimal!==undefined) window.RS_MODULES.checkMinimal()}\n\t\t\t\t<\/script>\n\t\t\t<\/rs-module-wrap>\n\t\t\t<!-- END REVOLUTION SLIDER -->\n[\/vc_column][\/vc_row][vc_row css_animation=&#8221;none&#8221; full_width=&#8221;stretch_row&#8221; equal_height=&#8221;yes&#8221; wpex_fixed_bg=&#8221;fixed-top&#8221; wpex_bg_position=&#8221;50% 0%&#8221; wpex_bg_size=&#8221;cover&#8221; min_height=&#8221;150px&#8221;][vc_column]<div class=\"vcex-spacing wpex-w-100 wpex-clear visible-phone\" style=\"height:20px;\"><\/div><div class=\"vcex-spacing wpex-w-100 wpex-clear hidden-phone\" style=\"height:40px;\"><\/div>[\/vc_column][vc_column width=&#8221;1\/3&#8243;][\/vc_column][vc_column width=&#8221;2\/3&#8243;]<style>.vcex-heading.vcex_69efa9bd4fcb7{color:#005ca9;font-weight:400;}<\/style><h1 class=\"vcex-heading vcex-heading-plain vcex-module wpex-heading wpex-text-2xl vcex_69efa9bd4fcb7\"><span class=\"vcex-heading-inner wpex-inline-block\">Company details<\/span><\/h1><div class=\"vcex-spacing wpex-w-100 wpex-clear\"><\/div><style>.vcex-heading.vcex_69efa9bd504f9{font-weight:600;}<\/style><h2 class=\"vcex-heading vcex-heading-plain vcex-module wpex-heading wpex-text-2xl vcex_69efa9bd504f9\"><span class=\"vcex-heading-inner wpex-inline-block\">Details according to \u00a7 5 TMG<\/span><\/h2>[vc_column_text css=&#8221;&#8221;]MBengineering GmbH &amp; Co. KG<br \/>\nIn Breiten 9-11<br \/>\n78589 D\u00fcrbheim<\/p>\n<p>Register of companies: HRA 460609<br \/>\nRegistration court: District court of Stuttgart<\/p>\n<p><strong>Gesch\u00e4ftsf\u00fchrung:<\/strong><br \/>\nGerhard Butsch, Martin Zepf, Simon K\u00f6hler<\/p>\n<p><strong>Komplement\u00e4r:<\/strong><br \/>\nMBengineering Verwaltungs-GmbH<br \/>\nRegister of companies: HRB 460792<br \/>\nRegistration court: District court of Stuttgart[\/vc_column_text]<div class=\"vcex-spacing wpex-w-100 wpex-clear\"><\/div><style>.vcex-heading.vcex_69efa9bd50c15{font-weight:600;}<\/style><h2 class=\"vcex-heading vcex-heading-plain vcex-module wpex-heading wpex-text-2xl vcex_69efa9bd50c15\"><span class=\"vcex-heading-inner wpex-inline-block\">Contact<\/span><\/h2>[vc_column_text]Phone: <a href=\"tel:+497424945300\">+49 (0)7424 94530-0<\/a><br \/>\nFax: +49 (0)7424 94530-255<br \/>\nE-Mail: <a href=\"mailto:info@mbengineering.de\">info@mbengineering.de<\/a>[\/vc_column_text]<div class=\"vcex-spacing wpex-w-100 wpex-clear\"><\/div><style>.vcex-heading.vcex_69efa9bd513a6{font-weight:600;}<\/style><h2 class=\"vcex-heading vcex-heading-plain vcex-module wpex-heading wpex-text-2xl vcex_69efa9bd513a6\"><span class=\"vcex-heading-inner wpex-inline-block\">VAT ID<\/span><\/h2>[vc_column_text]Value added tax identification number according to \u00a7 27 a Value Added Tax Act:<br \/>\nDE 813065251[\/vc_column_text]<div class=\"vcex-spacing wpex-w-100 wpex-clear\"><\/div><style>.vcex-heading.vcex_69efa9bd51ab4{font-weight:600;}<\/style><h2 class=\"vcex-heading vcex-heading-plain vcex-module wpex-heading wpex-text-2xl vcex_69efa9bd51ab4\"><span class=\"vcex-heading-inner wpex-inline-block\">Conceptual design &amp; web design<\/span><\/h2>[vc_column_text css=&#8221;&#8221;]de-signbar GmbH<br \/>\nVISUELLE KOMMUNIKATION<br \/>\n<a href=\"http:\/\/www.de-signbar.de\/\" target=\"_blank\" rel=\"noopener\">www.de-signbar.de<\/a>[\/vc_column_text]<div class=\"vcex-spacing wpex-w-100 wpex-clear\"><\/div><style>.vcex-heading.vcex_69efa9bd52195{font-weight:600;}<\/style><h2 class=\"vcex-heading vcex-heading-plain vcex-module wpex-heading wpex-text-2xl vcex_69efa9bd52195\"><span class=\"vcex-heading-inner wpex-inline-block\">Conceptual design &amp; text<\/span><\/h2>[vc_column_text]Barthel<br \/>\nKommunikationsstrategie f\u00fcr Mensch &amp; Marke<br \/>\n<a href=\"http:\/\/www.barthel.rocks\/\" target=\"_blank\" rel=\"noopener\">www.barthel.rocks<\/a>[\/vc_column_text]<div class=\"vcex-spacing wpex-w-100 wpex-clear\"><\/div><style>.vcex-heading.vcex_69efa9bd52a14{font-weight:600;}<\/style><h2 class=\"vcex-heading vcex-heading-plain vcex-module wpex-heading wpex-text-2xl vcex_69efa9bd52a14\"><span class=\"vcex-heading-inner wpex-inline-block\">Programming<\/span><\/h2>[vc_column_text]HOMEPAGE HEXXER<br \/>\n<a href=\"http:\/\/www.homepage-hexxer.de\/\" target=\"_blank\" rel=\"noopener\">www.homepage-hexxer.de<\/a>[\/vc_column_text]<div class=\"vcex-spacing wpex-w-100 wpex-clear\"><\/div><style>.vcex-heading.vcex_69efa9bd53097{font-weight:600;}<\/style><h2 class=\"vcex-heading vcex-heading-plain vcex-module wpex-heading wpex-text-2xl vcex_69efa9bd53097\"><span class=\"vcex-heading-inner wpex-inline-block\">Photography<\/span><\/h2>[vc_column_text]Werbefoto Robold<br \/>\n<a href=\"http:\/\/www.werbefoto-robold.de\/\" target=\"_blank\" rel=\"noopener\">www.werbefoto-robold.de<\/a>[\/vc_column_text]<div class=\"vcex-spacing wpex-w-100 wpex-clear\"><\/div>[vc_column_text]Tobias Zisterer<br \/>\n<a href=\"http:\/\/www.tobiaszisterer.com\/\" target=\"_blank\" rel=\"noopener\">www.tobiaszisterer.com<\/a>[\/vc_column_text]<div class=\"vcex-spacing wpex-w-100 wpex-clear\"><\/div><style>.vcex-heading.vcex_69efa9bd537b8{font-weight:600;}<\/style><h2 class=\"vcex-heading vcex-heading-plain vcex-module wpex-heading wpex-text-2xl vcex_69efa9bd537b8\"><span class=\"vcex-heading-inner wpex-inline-block\">Motion pictures<\/span><\/h2>[vc_column_text]Rudi Zisterer<br \/>\n<a href=\"http:\/\/www.rudizisterer.net\/\" target=\"_blank\" rel=\"noopener\">www.rudizisterer.net<\/a>[\/vc_column_text]<div class=\"vcex-spacing wpex-w-100 wpex-clear\"><\/div><style>.vcex-heading.vcex_69efa9bd53e9c{font-weight:600;}<\/style><h2 class=\"vcex-heading vcex-heading-plain vcex-module wpex-heading wpex-text-2xl vcex_69efa9bd53e9c\"><span class=\"vcex-heading-inner wpex-inline-block\">EU dispute settlement<\/span><\/h2>[vc_column_text]The European Commission provides a platform for the online settlement of disputes (OS): <a href=\"https:\/\/ec.europa.eu\/consumers\/odr\/\" target=\"_blank\" rel=\"noopener noreferrer\">https:\/\/ec.europa.eu\/consumers\/odr\/<\/a>.<br \/>\nOur e-mail address is listed above under Company details.[\/vc_column_text]<div class=\"vcex-spacing wpex-w-100 wpex-clear\"><\/div><style>.vcex-heading.vcex_69efa9bd54594{font-weight:600;}<\/style><h2 class=\"vcex-heading vcex-heading-plain vcex-module wpex-heading wpex-text-2xl vcex_69efa9bd54594\"><span class=\"vcex-heading-inner wpex-inline-block\">Consumer dispute settlement\/universal arbitration board<\/span><\/h2>[vc_column_text]We are not prepared or obliged to participate in dispute settlement proceedings in front of a consumer arbitration board.[\/vc_column_text]<div class=\"vcex-spacing wpex-w-100 wpex-clear\"><\/div><style>.vcex-heading.vcex_69efa9bd54cf2{font-weight:600;}<\/style><h2 class=\"vcex-heading vcex-heading-plain vcex-module wpex-heading wpex-text-2xl vcex_69efa9bd54cf2\"><span class=\"vcex-heading-inner wpex-inline-block\">Liability for contents<\/span><\/h2>[vc_column_text]According to \u00a7 7 clause 1 TMG we as service provider are responsible for own contents on these pages under the general laws. However, according to \u00a7\u00a7 8 to 10 TMG, we as service provider are not obliged to monitor transmitted or saved third-party information or to search for circumstances pointing to an illegal activity.<\/p>\n<p>Any obligations to remove or block the use of information under the general laws remain unaffected by this. However, any liability in this regard is only possible from the time of knowledge of a specific infringement. As soon as we become aware of such infringements, we will remove this content immediately.[\/vc_column_text]<div class=\"vcex-spacing wpex-w-100 wpex-clear\"><\/div><style>.vcex-heading.vcex_69efa9bd55458{font-weight:600;}<\/style><h2 class=\"vcex-heading vcex-heading-plain vcex-module wpex-heading wpex-text-2xl vcex_69efa9bd55458\"><span class=\"vcex-heading-inner wpex-inline-block\">Liability for links<\/span><\/h2>[vc_column_text]Our offer contains links to external third party websites, the contents of which are not under our influence. This is why we cannot accept any guarantee for these third party contents. The respective provider or operator of the pages is responsible for the content of linked pages. At the time of linking, the linked pages are checked for possible statutory violations. No illegal content was apparent at the time of linking.<\/p>\n<p>However, permanent monitoring of the content of the linked pages is not reasonably possible without concrete evidence of an infringement. If we become aware of any infringements, we will remove such links immediately.[\/vc_column_text]<div class=\"vcex-spacing wpex-w-100 wpex-clear\"><\/div><style>.vcex-heading.vcex_69efa9bd55b46{font-weight:600;}<\/style><h2 class=\"vcex-heading vcex-heading-plain vcex-module wpex-heading wpex-text-2xl vcex_69efa9bd55b46\"><span class=\"vcex-heading-inner wpex-inline-block\">Copyright<\/span><\/h2>[vc_column_text]The contents and works compiled by the website operator on these pages are subject to the German Copyright Act. Duplication, processing, distribution and any form of exploitation of such material beyond the scope of the Copyright Act requires the prior written consent of its respective author or originator. Downloads and copies of these pages are only permitted for private, non-commercial use.<\/p>\n<p>Insofar as the content of this website was not created by the operator, the copyrights of third parties are respected. In particular, third-party content is identified as such. Should you nevertheless become aware of a copyright infringement, please inform us accordingly. If we become aware of any infringements, we will remove such content immediately.[\/vc_column_text]<div class=\"vcex-spacing wpex-w-100 wpex-clear\"><\/div><style>.vcex-heading.vcex_69efa9bd56294{font-weight:600;}<\/style><h2 class=\"vcex-heading vcex-heading-plain vcex-module wpex-heading wpex-text-2xl vcex_69efa9bd56294\"><span class=\"vcex-heading-inner wpex-inline-block\">Picture credits<\/span><\/h2>[vc_column_text css=&#8221;&#8221;]Malkovstock, izusek, SolStock, gilaxia, romaset, Anatoly Morozov, industryview, Siam Virachitevin, Amorn Suriyan, PeopleImages, harmatoslabu, Karens_Photography, Togapix \/ istockphoto.com[\/vc_column_text]<div class=\"vcex-spacing wpex-w-100 wpex-clear\"><\/div>[vc_row_inner][vc_column_inner][\/vc_column_inner][\/vc_row_inner][\/vc_column][\/vc_row]\n<\/div>","protected":false},"excerpt":{"rendered":"\u2022 metal processing \u2022 pellet dedusting \u2022 3D reverse engineering \u2022 current news \u2022 career \u2022 quality \u2022 contact Deutsch Company detailsDetails according to \u00a7 5 TMG MBengineering GmbH &amp; Co. KG In Breiten 9-11 78589 D\u00fcrbheim Register of companies: HRA 460609 Registration court: District court of Stuttgart Gesch\u00e4ftsf\u00fchrung: Gerhard Butsch, Martin Zepf, Simon K\u00f6hler&hellip;","protected":false},"author":5,"featured_media":0,"parent":0,"menu_order":0,"comment_status":"closed","ping_status":"closed","template":"","meta":{"footnotes":""},"class_list":["post-34402","page","type-page","status-publish","hentry","entry","no-media"],"_links":{"self":[{"href":"https:\/\/mbengineering.de\/en\/wp-json\/wp\/v2\/pages\/34402","targetHints":{"allow":["GET"]}}],"collection":[{"href":"https:\/\/mbengineering.de\/en\/wp-json\/wp\/v2\/pages"}],"about":[{"href":"https:\/\/mbengineering.de\/en\/wp-json\/wp\/v2\/types\/page"}],"author":[{"embeddable":true,"href":"https:\/\/mbengineering.de\/en\/wp-json\/wp\/v2\/users\/5"}],"replies":[{"embeddable":true,"href":"https:\/\/mbengineering.de\/en\/wp-json\/wp\/v2\/comments?post=34402"}],"version-history":[{"count":5,"href":"https:\/\/mbengineering.de\/en\/wp-json\/wp\/v2\/pages\/34402\/revisions"}],"predecessor-version":[{"id":35129,"href":"https:\/\/mbengineering.de\/en\/wp-json\/wp\/v2\/pages\/34402\/revisions\/35129"}],"wp:attachment":[{"href":"https:\/\/mbengineering.de\/en\/wp-json\/wp\/v2\/media?parent=34402"}],"curies":[{"name":"wp","href":"https:\/\/api.w.org\/{rel}","templated":true}]}}